{"id":5,"date":"2019-02-13T14:04:28","date_gmt":"2019-02-13T14:04:28","guid":{"rendered":"https:\/\/fremplast.com.br\/new-site\/?page_id=5"},"modified":"2023-08-10T16:17:14","modified_gmt":"2023-08-10T16:17:14","slug":"homepage","status":"publish","type":"page","link":"https:\/\/fremplast.com.br\/new-site\/","title":{"rendered":"Home Page"},"content":{"rendered":"<h2>Fremplast Tintas<\/h2>\n<p>Primeiramente a Fremplast Tintas \u00e9 uma empresa especializada na fabrica\u00e7\u00e3o e distribui\u00e7\u00e3o de tintas serigraficas, vernizes, insumos e equipamentos para <a href=\"https:\/\/fremplast.com.br\/produtos\/tintas-para-serigrafia\/\">serigrafia<\/a> e <a href=\"https:\/\/fremplast.com.br\/produtos\/linha-digital\/\">impress\u00e3o digital<\/a>.<\/p>\n<p><span style=\"color: #ffffff;\"><span style=\"color: #000000;\">Composto por uma equipe profissional altamente capacitada e uma estrutura com equipamentos de \u00faltima gera\u00e7\u00e3o, o Centro de Treinamento Fremplast oferece \u00e0 todos os clientes, cursos, palestras e consultorias para manuseio correto dos produtos.mas\u00a0<\/span><\/span><\/p>\n<p><span style=\"color: #000000;\">Desta forma a Fremplast Tintas orgulha-se de ser uma empresa de grande porte especializada na fabrica\u00e7\u00e3o e distrib<\/span>ui\u00e7\u00e3o de tintas serigr\u00e1ficas e digitais.<\/p>\n<p>Com sede pr\u00f3pria de aproximadamente 8.000 m\u00b2 de \u00e1rea constru\u00edda a Fremplast Tintas \u00e9 considerada um referencial em Inova\u00e7\u00e3o e Tecnologia para o mercado t\u00eaxtil.<\/p>\n<p>Os produtos Fremplast Tintas s\u00e3o fabricados com a mais alta tecnologia industrial e passam por um rigoroso controle interno em laborat\u00f3rios com equipamentos de \u00faltima gera\u00e7\u00e3o. Temos um sistema de qualidade auditado pela SGS e somos certificados na Norma ISO 9001:2015 que garante maior seguran\u00e7a e credibilidade aos nossos clientes.<\/p>\n<p>Nosso parque industrial \u00e9 marca registrada de uma empresa preocupada com a sustentabilidade e o meio ambiente.<\/p>\n<p>Temos tamb\u00e9m uma esta\u00e7\u00e3o de tratamento de efluentes e um moderno processo de separa\u00e7\u00e3o e descarte dos res\u00edduos industriais.<\/p>\n<h3>Pol\u00edtica de Qualidade<\/h3>\n<p><span style=\"font-weight: 400;\">A Fremplast Tintas, com mais de 40 anos no mercado, especializada na fabrica\u00e7\u00e3o e distribui\u00e7\u00e3o de tintas, vernizes, equipamentos e insumos para linha gr\u00e1fica, serigr\u00e1fica e digital assume compromissos e temos como resultado a conquista do Certificado NBR ISO 9001:2015.<\/span><\/p>\n<h3>Responsabilidade Social<\/h3>\n<p><span style=\"font-weight: 400;\">A Fremplast Tintas promove o desenvolvimento econ\u00f4mico, social e ambiental, pensando sempre no bem-estar de todos \u00e0 sua volta e nas gera\u00e7\u00f5es futuras.<\/span><\/p>\n<p>Como conclus\u00e3o se gostou, n\u00e3o deixe de acompanhar o nosso Blog, mas n\u00e3o deixe de seguir a Fremplast Tintas nas redes sociais: <a href=\"https:\/\/www.facebook.com\/Fremplast\/\">Facebook<\/a>,\u00a0<a href=\"https:\/\/www.instagram.com\/fremplast\/\">Instagram<\/a>,\u00a0<a href=\"https:\/\/www.youtube.com\/channel\/UCOiNjzmQr1QKGPPNtpAU22A\">Youtube<\/a>\u00a0e\u00a0<a href=\"https:\/\/twitter.com\/fremplast\">Twitter<\/a>.<\/p>\n<p><span style=\"color: #000000;\">Miss\u00e3o:\u00a0<\/span><\/p>\n<p>Viabilizar os sonhos internos e externos com responsabilidade, criatividade e comprometimento. Nosso intuito \u00e9 garantir a satisfa\u00e7\u00e3o dos nossos clientes e colaboradores com excel\u00eancia, atrav\u00e9s da qualidade diferenciada de nossos produtos e servi\u00e7os. mas<\/p>\n<p>Vis\u00e3o:<\/p>\n<p>Ser uma empresa geradora de tend\u00eancias e l\u00edder no mercado serigr\u00e1fico mundial que visa a total satisfa\u00e7\u00e3o dos seus clientes mas sempre com princ\u00edpios \u00e9ticos e respeito ao meio ambiente.<\/p>\n<p>&nbsp;<\/p>\n","protected":false},"excerpt":{"rendered":"<p>Fremplast Tintas Primeiramente a Fremplast Tintas \u00e9 uma empresa especializada na fabrica\u00e7\u00e3o e distribui\u00e7\u00e3o de tintas serigraficas, vernizes, insumos e equipamentos para serigrafia e impress\u00e3o digital. Composto por uma equipe profissional altamente capacitada e uma estrutura com equipamentos de \u00faltima gera\u00e7\u00e3o, o Centro de Treinamento Fremplast oferece \u00e0 todos os clientes, cursos, palestras e consultorias [&hellip;]<\/p>\n","protected":false},"author":5,"featured_media":23580,"parent":0,"menu_order":5,"comment_status":"closed","ping_status":"closed","template":"","meta":[],"acf":[],"_links":{"self":[{"href":"https:\/\/fremplast.com.br\/new-site\/wp-json\/wp\/v2\/pages\/5"}],"collection":[{"href":"https:\/\/fremplast.com.br\/new-site\/wp-json\/wp\/v2\/pages"}],"about":[{"href":"https:\/\/fremplast.com.br\/new-site\/wp-json\/wp\/v2\/types\/page"}],"author":[{"embeddable":true,"href":"https:\/\/fremplast.com.br\/new-site\/wp-json\/wp\/v2\/users\/5"}],"replies":[{"embeddable":true,"href":"https:\/\/fremplast.com.br\/new-site\/wp-json\/wp\/v2\/comments?post=5"}],"version-history":[{"count":183,"href":"https:\/\/fremplast.com.br\/new-site\/wp-json\/wp\/v2\/pages\/5\/revisions"}],"predecessor-version":[{"id":31221,"href":"https:\/\/fremplast.com.br\/new-site\/wp-json\/wp\/v2\/pages\/5\/revisions\/31221"}],"wp:featuredmedia":[{"embeddable":true,"href":"https:\/\/fremplast.com.br\/new-site\/wp-json\/wp\/v2\/media\/23580"}],"wp:attachment":[{"href":"https:\/\/fremplast.com.br\/new-site\/wp-json\/wp\/v2\/media?parent=5"}],"curies":[{"name":"wp","href":"https:\/\/api.w.org\/{rel}","templated":true}]}}