{"id":138,"date":"2019-02-20T18:44:48","date_gmt":"2019-02-20T18:44:48","guid":{"rendered":"https:\/\/fremplast.com.br\/new-site\/?page_id=138"},"modified":"2020-06-29T11:43:05","modified_gmt":"2020-06-29T11:43:05","slug":"treinamentos","status":"publish","type":"page","link":"https:\/\/fremplast.com.br\/new-site\/treinamentos\/","title":{"rendered":"Treinamentos"},"content":{"rendered":"<p>Os treinamentos do CTF oferece cursos pr\u00e1ticos, workshops e palestras, nossos profissionais est\u00e3o aptos a fazer esclarecimentos de d\u00favidas via telefone, e-mail e visitas t\u00e9cnicas. Portanto para potencializar melhor os processos de aplica\u00e7\u00f5es, o CTF possu\u00edmos equipamentos de \u00faltima gera\u00e7\u00e3o utilizados no dia a dia do profissional, oferecendo condi\u00e7\u00f5es de aprendizagem adequadas \u00e0 realidade de cada produ\u00e7\u00e3o, desta forma o cliente obt\u00e9m melhor aproveitamento ampliando seus conhecimentos sobre nossas t\u00e9cnicas e produtos, al\u00e9m de aprender na pr\u00e1tica as mais modernas formas de aplica\u00e7\u00f5es.<\/p>\n<p>&nbsp;<\/p>\n","protected":false},"excerpt":{"rendered":"<p>Os treinamentos do CTF oferece cursos pr\u00e1ticos, workshops e palestras, nossos profissionais est\u00e3o aptos a fazer esclarecimentos de d\u00favidas via telefone, e-mail e visitas t\u00e9cnicas. Portanto para potencializar melhor os processos de aplica\u00e7\u00f5es, o CTF possu\u00edmos equipamentos de \u00faltima gera\u00e7\u00e3o utilizados no dia a dia do profissional, oferecendo condi\u00e7\u00f5es de aprendizagem adequadas \u00e0 realidade de [&hellip;]<\/p>\n","protected":false},"author":1,"featured_media":0,"parent":0,"menu_order":10,"comment_status":"closed","ping_status":"closed","template":"","meta":[],"acf":[],"_links":{"self":[{"href":"https:\/\/fremplast.com.br\/new-site\/wp-json\/wp\/v2\/pages\/138"}],"collection":[{"href":"https:\/\/fremplast.com.br\/new-site\/wp-json\/wp\/v2\/pages"}],"about":[{"href":"https:\/\/fremplast.com.br\/new-site\/wp-json\/wp\/v2\/types\/page"}],"author":[{"embeddable":true,"href":"https:\/\/fremplast.com.br\/new-site\/wp-json\/wp\/v2\/users\/1"}],"replies":[{"embeddable":true,"href":"https:\/\/fremplast.com.br\/new-site\/wp-json\/wp\/v2\/comments?post=138"}],"version-history":[{"count":11,"href":"https:\/\/fremplast.com.br\/new-site\/wp-json\/wp\/v2\/pages\/138\/revisions"}],"predecessor-version":[{"id":25806,"href":"https:\/\/fremplast.com.br\/new-site\/wp-json\/wp\/v2\/pages\/138\/revisions\/25806"}],"wp:attachment":[{"href":"https:\/\/fremplast.com.br\/new-site\/wp-json\/wp\/v2\/media?parent=138"}],"curies":[{"name":"wp","href":"https:\/\/api.w.org\/{rel}","templated":true}]}}