{"id":1306,"date":"2019-04-12T13:56:14","date_gmt":"2019-04-12T13:56:14","guid":{"rendered":"https:\/\/fremplast.com.br\/new-site\/?page_id=1306"},"modified":"2020-07-16T18:26:38","modified_gmt":"2020-07-16T18:26:38","slug":"representantes","status":"publish","type":"page","link":"https:\/\/fremplast.com.br\/new-site\/representantes\/","title":{"rendered":"Representantes"},"content":{"rendered":"<h4>Representantes:<\/h4>\n<p>Entre em <a href=\"https:\/\/fremplast.com.br\/contato\/\">contato<\/a> com os nossos representantes de acordo com a cidade aonde mora e pe\u00e7a j\u00e1 seu or\u00e7amento. Atendimento personalizado.<\/p>\n<p>Nossa equipe esta espalhada por todo Brasil e Am\u00e9rica Latina, s\u00e3o mais de 30 representantes especializados em serigrafia e impress\u00e3o digital.<\/p>\n<p>Na Am\u00e9rica Latina estamos presentes no Paraguai, Argentina, Uruguai. Chile, Bolivia e Peru com atendimento personalizado de acordo com a sua necessidade.<\/p>\n<p>Al\u00e9m disso contamos com um filial no estado no Rio de Janeiro e um equipe multidisciplinar especializada a atender os clientes de qualquer porte.<\/p>\n<p>Contudo ainda temos mais de 250 lojas parceiras multimarcas que comercializam nossos produtos, s\u00e3o centenas de lojas espalhadas por todo Brasil.<\/p>\n<p>Com isso a marca Fremplast Tintas est\u00e1 presente na maioria das confec\u00e7\u00f5es e gr\u00e1ficas do pais e Am\u00e9rica Latina, sempre com qualidade e tecnologia.<\/p>\n<p>Em nosso site voc\u00ea encontra os nomes e telefones celulares e e-mails de cada um dos nossos representantes, al\u00e9m disso o seu estado de atua\u00e7\u00e3o para que possa ter um atendimento r\u00e1pido.<\/p>\n<p>Caso em alguma cidade n\u00e3o tenha um representante dispon\u00edvel, nossa central de vendas est\u00e1 pronta lhe atender o indicar a loja mais pr\u00f3xima.<\/p>\n<p>Se voc\u00ea busca o melhor em serigrafia em impress\u00e3o digital sublim\u00e1tica e solvente, voc\u00ea esta no lugar certo.<\/p>\n<p>S\u00e3o mais de 45 anos de experi\u00eancia e dedica\u00e7\u00e3o em fazer o melhor em produtos para o segmento serigr\u00e1fico e agora para o segmento de impress\u00e3o digital<\/p>\n<p>Uma empresa 100% brasileira e que apoia o comercio nacional e os empres\u00e1rios locais, com ofertas de financiamentos via BNDES, cart\u00e3o de cr\u00e9dito, boletos, descontos especiais para pagamento a vista e muito mas.<\/p>\n<p>Esta esperando o que para comprar o seu produto e sair na frente no mercado oferecendo o que h\u00e1 de melhor para o seu cliente.<\/p>\n<h4>Siga a Fremplast:<\/h4>\n<p>Se gostou, n\u00e3o deixe de acompanhar o nosso Blog e seguir a Fremplast nas redes sociais:\u00a0<a href=\"https:\/\/www.facebook.com\/Fremplast\/\">Facebook<\/a>,\u00a0<a href=\"https:\/\/www.instagram.com\/fremplast\/\">Instagram<\/a>,\u00a0<a href=\"https:\/\/www.youtube.com\/channel\/UCOiNjzmQr1QKGPPNtpAU22A\">Youtube<\/a>\u00a0e\u00a0<a href=\"https:\/\/twitter.com\/fremplast\">Twitter<\/a>.<\/p>\n","protected":false},"excerpt":{"rendered":"<p>Representantes: Entre em contato com os nossos representantes de acordo com a cidade aonde mora e pe\u00e7a j\u00e1 seu or\u00e7amento. Atendimento personalizado. Nossa equipe esta espalhada por todo Brasil e Am\u00e9rica Latina, s\u00e3o mais de 30 representantes especializados em serigrafia e impress\u00e3o digital. Na Am\u00e9rica Latina estamos presentes no Paraguai, Argentina, Uruguai. Chile, Bolivia e [&hellip;]<\/p>\n","protected":false},"author":1,"featured_media":23576,"parent":0,"menu_order":8,"comment_status":"closed","ping_status":"closed","template":"","meta":[],"acf":[],"_links":{"self":[{"href":"https:\/\/fremplast.com.br\/new-site\/wp-json\/wp\/v2\/pages\/1306"}],"collection":[{"href":"https:\/\/fremplast.com.br\/new-site\/wp-json\/wp\/v2\/pages"}],"about":[{"href":"https:\/\/fremplast.com.br\/new-site\/wp-json\/wp\/v2\/types\/page"}],"author":[{"embeddable":true,"href":"https:\/\/fremplast.com.br\/new-site\/wp-json\/wp\/v2\/users\/1"}],"replies":[{"embeddable":true,"href":"https:\/\/fremplast.com.br\/new-site\/wp-json\/wp\/v2\/comments?post=1306"}],"version-history":[{"count":8,"href":"https:\/\/fremplast.com.br\/new-site\/wp-json\/wp\/v2\/pages\/1306\/revisions"}],"predecessor-version":[{"id":25895,"href":"https:\/\/fremplast.com.br\/new-site\/wp-json\/wp\/v2\/pages\/1306\/revisions\/25895"}],"wp:featuredmedia":[{"embeddable":true,"href":"https:\/\/fremplast.com.br\/new-site\/wp-json\/wp\/v2\/media\/23576"}],"wp:attachment":[{"href":"https:\/\/fremplast.com.br\/new-site\/wp-json\/wp\/v2\/media?parent=1306"}],"curies":[{"name":"wp","href":"https:\/\/api.w.org\/{rel}","templated":true}]}}