{"id":113,"date":"2019-02-20T17:13:32","date_gmt":"2019-02-20T17:13:32","guid":{"rendered":"https:\/\/fremplast.com.br\/new-site\/?page_id=113"},"modified":"2022-05-02T18:16:20","modified_gmt":"2022-05-02T18:16:20","slug":"contato","status":"publish","type":"page","link":"https:\/\/fremplast.com.br\/new-site\/contato\/","title":{"rendered":"Contato"},"content":{"rendered":"<p>Contato para compra de tinta para <a href=\"https:\/\/fremplast.com.br\/produtos\/tintas-para-serigrafia\/\">serigrafia<\/a>, base \u00e1gua, plastisol, solvente, UV e ecol\u00f3gica. Al\u00e9m disso temos tecidos t\u00e9cnicos, emuls\u00f5es serigr\u00e1ficas e qu\u00edmicos. Encontre tamb\u00e9m tinta digital para <a href=\"https:\/\/www.centraldosilk.com.br\/tinta-sublimatica-cromajet-100ml\">sublima\u00e7\u00e3o<\/a>, tinta digital solvente e ecosolvente.<\/p>\n<p>Al\u00e9m disso toda linha de impressoras para sublima\u00e7\u00e3o de 1 a 4 cabe\u00e7as, al\u00e9m de impressoras industriais Homer.\u00a0Entre j\u00e1 em contato e pe\u00e7a pelo nosso formul\u00e1rios maiores informa\u00e7\u00f5es.<\/p>\n<p>S\u00e3o mais de 500 produtos a pronta entrega para al\u00e9m disso despachamos para todo Brasil e am\u00e9rica latina.<\/p>\n<p>Nossa parque industrial possui mais de 8 mil metros quadrados com 200 colaboradores em treinamento constante para trazer o melhor dos produtos para o mercado serigr\u00e1fico e digital.<\/p>\n<p>Os produtos Fremplast s\u00e3o fabricados com a mais alta tecnologia industrial e passam por um rigoroso controle interno em laborat\u00f3rios com equipamentos de \u00faltima gera\u00e7\u00e3o. Temos um sistema de qualidade auditado pela SGS e somos certificados na Norma ISO 9001:2015 que garante maior seguran\u00e7a e credibilidade aos nossos clientes.<\/p>\n<p>Nosso parque industrial \u00e9 marca registrada de uma empresa preocupada com a sustentabilidade e o meio ambiente. Possu\u00edmos uma esta\u00e7\u00e3o de tratamento de efluentes e um moderno processo de separa\u00e7\u00e3o e descarte dos res\u00edduos industriais provenientes das embalagens a base de papel recebidos com os insumos e materiais utilizados na fabrica\u00e7\u00e3o de nossos produtos.<\/p>\n<p>A Fremplast, com mais de 40 anos no mercado, estrategicamente localizada, especializada na fabrica\u00e7\u00e3o e distribui\u00e7\u00e3o de tintas, vernizes, equipamentos e insumos para linha gr\u00e1fica, serigr\u00e1fica e digital assume por meio de sua Alta Dire\u00e7\u00e3o os seguintes compromissos:<\/p>\n<p>Por\u00e9m somos uma ind\u00fastria lider de mercado na fabrica\u00e7\u00e3o de tintas e vernizes para serigrafia e impress\u00e3o digital, n\u00e3o deixe de nos contatar e fazer seu or\u00e7amento.<\/p>\n<p>Aproveita as condi\u00e7\u00f5es especiais e atrav\u00e9s das nossas redes sociais e tamb\u00e9m assinando nossa newsletter aqui mesmo pelo formul\u00e1rio de contato, est\u00e1 esperando o que?<\/p>\n","protected":false},"excerpt":{"rendered":"<p>Contato para compra de tinta para serigrafia, base \u00e1gua, plastisol, solvente, UV e ecol\u00f3gica. Al\u00e9m disso temos tecidos t\u00e9cnicos, emuls\u00f5es serigr\u00e1ficas e qu\u00edmicos. Encontre tamb\u00e9m tinta digital para sublima\u00e7\u00e3o, tinta digital solvente e ecosolvente. Al\u00e9m disso toda linha de impressoras para sublima\u00e7\u00e3o de 1 a 4 cabe\u00e7as, al\u00e9m de impressoras industriais Homer.\u00a0Entre j\u00e1 em contato [&hellip;]<\/p>\n","protected":false},"author":1,"featured_media":27563,"parent":0,"menu_order":3,"comment_status":"closed","ping_status":"closed","template":"","meta":[],"acf":[],"_links":{"self":[{"href":"https:\/\/fremplast.com.br\/new-site\/wp-json\/wp\/v2\/pages\/113"}],"collection":[{"href":"https:\/\/fremplast.com.br\/new-site\/wp-json\/wp\/v2\/pages"}],"about":[{"href":"https:\/\/fremplast.com.br\/new-site\/wp-json\/wp\/v2\/types\/page"}],"author":[{"embeddable":true,"href":"https:\/\/fremplast.com.br\/new-site\/wp-json\/wp\/v2\/users\/1"}],"replies":[{"embeddable":true,"href":"https:\/\/fremplast.com.br\/new-site\/wp-json\/wp\/v2\/comments?post=113"}],"version-history":[{"count":15,"href":"https:\/\/fremplast.com.br\/new-site\/wp-json\/wp\/v2\/pages\/113\/revisions"}],"predecessor-version":[{"id":31161,"href":"https:\/\/fremplast.com.br\/new-site\/wp-json\/wp\/v2\/pages\/113\/revisions\/31161"}],"wp:featuredmedia":[{"embeddable":true,"href":"https:\/\/fremplast.com.br\/new-site\/wp-json\/wp\/v2\/media\/27563"}],"wp:attachment":[{"href":"https:\/\/fremplast.com.br\/new-site\/wp-json\/wp\/v2\/media?parent=113"}],"curies":[{"name":"wp","href":"https:\/\/api.w.org\/{rel}","templated":true}]}}